{"id":50,"date":"2020-12-04T08:23:00","date_gmt":"2020-12-04T08:23:00","guid":{"rendered":"https:\/\/werkstatt13.ch\/?page_id=50"},"modified":"2020-12-18T08:44:47","modified_gmt":"2020-12-18T08:44:47","slug":"home","status":"publish","type":"page","link":"https:\/\/werkstatt13.ch\/","title":{"rendered":"Home"},"content":{"rendered":"\n<figure class=\"wp-block-image size-large\"><img loading=\"lazy\" width=\"700\" height=\"525\" src=\"https:\/\/werkstatt13.ch\/wp-content\/uploads\/2020\/12\/20201205_090134-min-1-700x525.jpg\" alt=\"\" class=\"wp-image-333\" srcset=\"https:\/\/werkstatt13.ch\/wp-content\/uploads\/2020\/12\/20201205_090134-min-1-700x525.jpg 700w, https:\/\/werkstatt13.ch\/wp-content\/uploads\/2020\/12\/20201205_090134-min-1-300x225.jpg 300w, https:\/\/werkstatt13.ch\/wp-content\/uploads\/2020\/12\/20201205_090134-min-1-768x576.jpg 768w, https:\/\/werkstatt13.ch\/wp-content\/uploads\/2020\/12\/20201205_090134-min-1-1536x1152.jpg 1536w, https:\/\/werkstatt13.ch\/wp-content\/uploads\/2020\/12\/20201205_090134-min-1-2048x1536.jpg 2048w, https:\/\/werkstatt13.ch\/wp-content\/uploads\/2020\/12\/20201205_090134-min-1-1568x1176.jpg 1568w\" sizes=\"(max-width: 700px) 100vw, 700px\" \/><\/figure>\n\n\n\n<p>Ein bisschen Luxus \u2013 bodenst\u00e4ndig \u2013 speziell \u2013 langlebig \u2013 unperfekt edel<\/p>\n\n\n\n<p>Textiles und anderes Handwerk&nbsp; &#8211;&nbsp;&nbsp; &nbsp;Lass dich inspirieren<\/p>\n\n\n\n<p>S\u00e4mtliche Produkte wurden in der Region Winterthur mit viel Liebe und Geduld hergestellt.<\/p>\n\n\n\n<p>Werkstatt 13 ist kein Online-Shop. Gef\u00e4llt dir eine Ware und m\u00f6chtest sie kaufen dann schick uns eine E-Mail \u00fcber unser Kontaktformular. Die Herstellerin wird sich direkt bei dir melden. Besten Dank.<\/p>\n","protected":false},"excerpt":{"rendered":"<p>Ein bisschen Luxus \u2013 bodenst\u00e4ndig \u2013 speziell \u2013 langlebig \u2013 unperfekt edel Textiles und anderes Handwerk&nbsp; &#8211;&nbsp;&nbsp; &nbsp;Lass dich inspirieren S\u00e4mtliche Produkte wurden in der Region Winterthur mit viel Liebe und Geduld hergestellt. Werkstatt 13 ist kein Online-Shop. Gef\u00e4llt dir eine Ware und m\u00f6chtest sie kaufen dann schick uns eine E-Mail \u00fcber unser Kontaktformular. Die<a class=\"more-link\" href=\"https:\/\/werkstatt13.ch\/\"><span class=\"screen-reader-text\">&#8222;Home&#8220;<\/span> weiterlesen<\/a><\/p>\n","protected":false},"author":1,"featured_media":0,"parent":0,"menu_order":0,"comment_status":"closed","ping_status":"closed","template":"","meta":[],"_links":{"self":[{"href":"https:\/\/werkstatt13.ch\/index.php?rest_route=\/wp\/v2\/pages\/50"}],"collection":[{"href":"https:\/\/werkstatt13.ch\/index.php?rest_route=\/wp\/v2\/pages"}],"about":[{"href":"https:\/\/werkstatt13.ch\/index.php?rest_route=\/wp\/v2\/types\/page"}],"author":[{"embeddable":true,"href":"https:\/\/werkstatt13.ch\/index.php?rest_route=\/wp\/v2\/users\/1"}],"replies":[{"embeddable":true,"href":"https:\/\/werkstatt13.ch\/index.php?rest_route=%2Fwp%2Fv2%2Fcomments&post=50"}],"version-history":[{"count":2,"href":"https:\/\/werkstatt13.ch\/index.php?rest_route=\/wp\/v2\/pages\/50\/revisions"}],"predecessor-version":[{"id":334,"href":"https:\/\/werkstatt13.ch\/index.php?rest_route=\/wp\/v2\/pages\/50\/revisions\/334"}],"wp:attachment":[{"href":"https:\/\/werkstatt13.ch\/index.php?rest_route=%2Fwp%2Fv2%2Fmedia&parent=50"}],"curies":[{"name":"wp","href":"https:\/\/api.w.org\/{rel}","templated":true}]}}