{"id":52,"date":"2020-12-04T08:42:24","date_gmt":"2020-12-04T08:42:24","guid":{"rendered":"https:\/\/werkstatt13.ch\/?page_id=52"},"modified":"2020-12-11T10:53:10","modified_gmt":"2020-12-11T10:53:10","slug":"team","status":"publish","type":"page","link":"https:\/\/werkstatt13.ch\/?page_id=52","title":{"rendered":"Team"},"content":{"rendered":"\n<div class=\"wp-block-image\"><figure class=\"alignright size-large is-resized\"><img loading=\"lazy\" src=\"https:\/\/werkstatt13.ch\/wp-content\/uploads\/2020\/12\/20201204_123617-700x857.jpg\" alt=\"\" class=\"wp-image-195\" width=\"245\" height=\"299\" srcset=\"https:\/\/werkstatt13.ch\/wp-content\/uploads\/2020\/12\/20201204_123617-700x857.jpg 700w, https:\/\/werkstatt13.ch\/wp-content\/uploads\/2020\/12\/20201204_123617-245x300.jpg 245w, https:\/\/werkstatt13.ch\/wp-content\/uploads\/2020\/12\/20201204_123617-768x940.jpg 768w, https:\/\/werkstatt13.ch\/wp-content\/uploads\/2020\/12\/20201204_123617-1255x1536.jpg 1255w, https:\/\/werkstatt13.ch\/wp-content\/uploads\/2020\/12\/20201204_123617-1674x2048.jpg 1674w, https:\/\/werkstatt13.ch\/wp-content\/uploads\/2020\/12\/20201204_123617-800x979.jpg 800w\" sizes=\"(max-width: 245px) 100vw, 245px\" \/><\/figure><\/div>\n\n\n\n<p><strong>Pia<\/strong><\/p>\n\n\n\n<p>Mein Name ist Pia Scheuble, ich bin Jahrgang 60 und wohne mit meiner Familie in Winterthur.<\/p>\n\n\n\n<p>Textiles Handwerk hat mich schon seit Kindertagen fasziniert. Als kleines Kind durfte ich meinem Opi mit einer stumpfen Wollnadel die \u00ababgefallenen Kn\u00f6pfe\u00bb wieder ann\u00e4hen. (Also eigentlich hat meine Omi diese vorher abgeschnitten und musste sie nachdem ich sie angenagelt hatte, wieder m\u00fchevoll auftrennen). Aber es hat allen Spass gemacht.<\/p>\n\n\n\n<p>In der Schule war mein absolutes Lieblingsfach Handarbeit. Textiles Arbeiten oder Kartonage, alles was mit den H\u00e4nden gewerkt werden konnte war f\u00fcr mich das Sch\u00f6nste. Als ich nach der Sekundarschule eine Ausbildung zur Damenschneiderin machte hatte ich eine solide handwerkliche und textile Basis. Weiterbildungen &nbsp;in verschiedenen Richtungen erg\u00e4nzten mein Wissen und K\u00f6nnen.<\/p>\n\n\n\n<p>Vor 6 Jahren intensivierte ich meine Webaktivit\u00e4ten und trat im Webstuben-Verein Berg am Irchel ein. &nbsp;Mit gleichgesinnten webbegeisterten Frauen zusammenzuarbeiten, die Webst\u00fchle einzurichten macht mir auch heute noch Spass. W\u00e4hrend dem Lockdown im Fr\u00fchling habe ich dann aber feststellen m\u00fcssen, dass mein kleiner Arm-Webstuhl im Gartenhaus auch seine Vorteile hat. Ich hatte jetzt einmal richtig Zeit zum weben.<\/p>\n\n\n\n<p>Weben und produzieren ist ja sch\u00f6n und gut. Aber irgendwann hat man so viele sch\u00f6ne Sachen gemacht, dass die Wohnung voll ist. Genug Flickenteppiche, genug Handt\u00fcechli, 6 Duscht\u00fccher sind auch genug \u2013 also begann ich meine gewobenen Sachen zu verkaufen.<\/p>\n\n\n\n<div class=\"wp-block-image\"><figure class=\"alignright size-large is-resized\"><img loading=\"lazy\" src=\"https:\/\/werkstatt13.ch\/wp-content\/uploads\/2020\/12\/Flickenteppich-mit-Emma-scaled-e1607346582526-700x933.jpg\" alt=\"\" class=\"wp-image-155\" width=\"241\" height=\"322\" srcset=\"https:\/\/werkstatt13.ch\/wp-content\/uploads\/2020\/12\/Flickenteppich-mit-Emma-scaled-e1607346582526-700x933.jpg 700w, https:\/\/werkstatt13.ch\/wp-content\/uploads\/2020\/12\/Flickenteppich-mit-Emma-scaled-e1607346582526-225x300.jpg 225w, https:\/\/werkstatt13.ch\/wp-content\/uploads\/2020\/12\/Flickenteppich-mit-Emma-scaled-e1607346582526-768x1024.jpg 768w, https:\/\/werkstatt13.ch\/wp-content\/uploads\/2020\/12\/Flickenteppich-mit-Emma-scaled-e1607346582526-1152x1536.jpg 1152w, https:\/\/werkstatt13.ch\/wp-content\/uploads\/2020\/12\/Flickenteppich-mit-Emma-scaled-e1607346582526-1536x2048.jpg 1536w, https:\/\/werkstatt13.ch\/wp-content\/uploads\/2020\/12\/Flickenteppich-mit-Emma-scaled-e1607346582526-800x1067.jpg 800w, https:\/\/werkstatt13.ch\/wp-content\/uploads\/2020\/12\/Flickenteppich-mit-Emma-scaled-e1607346582526.jpg 1920w\" sizes=\"(max-width: 241px) 100vw, 241px\" \/><\/figure><\/div>\n\n\n\n<p><strong>Emma <\/strong><\/p>\n\n\n\n<p>Mein Name ist Emma. Ich bin auch im Team der Werkstatt13. Ich bewache bei sch\u00f6nen Wetter den Garten wenn Pia im Gartenhaus am weben ist. Bei Regenwetter ziehe ich es jedoch vor, im Trockenen zu d\u00f6sen und auf die Sonne zu hoffen.<\/p>\n","protected":false},"excerpt":{"rendered":"<p>Pia Mein Name ist Pia Scheuble, ich bin Jahrgang 60 und wohne mit meiner Familie in Winterthur. Textiles Handwerk hat mich schon seit Kindertagen fasziniert. Als kleines Kind durfte ich meinem Opi mit einer stumpfen Wollnadel die \u00ababgefallenen Kn\u00f6pfe\u00bb wieder ann\u00e4hen. (Also eigentlich hat meine Omi diese vorher abgeschnitten und musste sie nachdem ich sie<a class=\"more-link\" href=\"https:\/\/werkstatt13.ch\/?page_id=52\"><span class=\"screen-reader-text\">&#8222;Team&#8220;<\/span> weiterlesen<\/a><\/p>\n","protected":false},"author":1,"featured_media":0,"parent":0,"menu_order":0,"comment_status":"closed","ping_status":"closed","template":"","meta":[],"_links":{"self":[{"href":"https:\/\/werkstatt13.ch\/index.php?rest_route=\/wp\/v2\/pages\/52"}],"collection":[{"href":"https:\/\/werkstatt13.ch\/index.php?rest_route=\/wp\/v2\/pages"}],"about":[{"href":"https:\/\/werkstatt13.ch\/index.php?rest_route=\/wp\/v2\/types\/page"}],"author":[{"embeddable":true,"href":"https:\/\/werkstatt13.ch\/index.php?rest_route=\/wp\/v2\/users\/1"}],"replies":[{"embeddable":true,"href":"https:\/\/werkstatt13.ch\/index.php?rest_route=%2Fwp%2Fv2%2Fcomments&post=52"}],"version-history":[{"count":13,"href":"https:\/\/werkstatt13.ch\/index.php?rest_route=\/wp\/v2\/pages\/52\/revisions"}],"predecessor-version":[{"id":265,"href":"https:\/\/werkstatt13.ch\/index.php?rest_route=\/wp\/v2\/pages\/52\/revisions\/265"}],"wp:attachment":[{"href":"https:\/\/werkstatt13.ch\/index.php?rest_route=%2Fwp%2Fv2%2Fmedia&parent=52"}],"curies":[{"name":"wp","href":"https:\/\/api.w.org\/{rel}","templated":true}]}}